{"id":56294,"date":"2025-05-27T14:15:11","date_gmt":"2025-05-27T19:15:11","guid":{"rendered":"https:\/\/thehacc.org\/?page_id=56294"},"modified":"2025-07-18T08:19:29","modified_gmt":"2025-07-18T13:19:29","slug":"foia","status":"publish","type":"page","link":"https:\/\/thehacc.org\/es\/foia\/","title":{"rendered":"Ley de Libertad de Informaci\u00f3n (FOIA)"},"content":{"rendered":"<h5>Solicitudes FOIA<\/h5>\n<p style=\"color: black;\">El Illinois <span style=\"text-decoration: underline;\"><strong><a href=\"https:\/\/www.ilga.gov\/legislation\/ilcs\/ilcs3.asp?ActID=85&amp;ChapAct=5%26nbsp%3bILCS%26nbsp%3b140\/&amp;ChapterID=2&amp;ChapterName=GENERAL+PROVISIONS&amp;ActName=Freedom+of+Information+Act.\">Ley de Libertad de Informaci\u00f3n (FOIA) (5 ILCS 140)<\/a><\/strong><\/span> Est\u00e1 dise\u00f1ada para garantizar que el p\u00fablico tenga acceso razonable a la informaci\u00f3n sobre su gobierno estatal y local. La FOIA establece el procedimiento para las solicitudes p\u00fablicas de inspecci\u00f3n o recepci\u00f3n de copias de registros p\u00fablicos. Puede encontrar m\u00e1s informaci\u00f3n sobre la FOIA en el sitio web del Fiscal General de Illinois.<\/p>\n<p style=\"color: black;\">La Autoridad de Vivienda del Condado de Cook (HACC) est\u00e1 comprometida con la transparencia y el acceso p\u00fablico a la informaci\u00f3n. De conformidad con la Ley de Libertad de Informaci\u00f3n (FOIA), el p\u00fablico tiene derecho a solicitar acceso a los registros que mantiene la Autoridad de Vivienda del Condado de Cook, excepto aquellos exentos de divulgaci\u00f3n por ley.<\/p>\n<p style=\"color: black;\"><strong>C\u00f3mo presentar una solicitud FOIA<\/strong><\/p>\n<p style=\"color: black;\">La solicitud de FOIA se puede presentar a trav\u00e9s de los siguientes m\u00e9todos:<\/p>\n<p style=\"color: black;\"><strong>Env\u00edo en l\u00ednea:<\/strong> <span style=\"text-decoration: underline;\"><strong><a href=\"https:\/\/thehacc.zendesk.com\/hc\/en-us\/requests\/new?ticket_form_id=35724501330957\">Solicitud de FOIA de HACC<\/a><\/strong><\/span><\/p>\n<p style=\"color: black;\"><strong>Correo electr\u00f3nico:<\/strong> Para enviar una solicitud FOIA por correo electr\u00f3nico, complete un <span style=\"text-decoration: underline;\"><strong><a href=\"https:\/\/thehacc.org\/app\/uploads\/2025\/05\/HACC-FOIA-Form.pdf\">Formulario de solicitud de libertad de informaci\u00f3n<\/a><\/strong><\/span>, y enviarlo por correo electr\u00f3nico a <strong><span style=\"text-decoration: underline;\"><a href=\"mailto:foia@thehacc.org\">foia@thehacc.org<\/a><\/span><\/strong><\/p>\n<p style=\"color: black;\"><strong>Correo:<\/strong> Autoridad de Vivienda del Condado de Cook, 10 South LaSalle Street, Suite 2200, Chicago, IL 60603<\/p>","protected":false},"excerpt":{"rendered":"<p>Solicitudes de la FOIA. La Ley de Libertad de Informaci\u00f3n de Illinois (FOIA) (5 ILCS 140) est\u00e1 dise\u00f1ada para garantizar que el p\u00fablico tenga acceso razonable a la informaci\u00f3n sobre su gobierno estatal y local. La FOIA establece el procedimiento para las solicitudes p\u00fablicas de inspecci\u00f3n o recepci\u00f3n de copias de registros p\u00fablicos. Puede encontrar m\u00e1s informaci\u00f3n sobre la FOIA en el sitio web... <a href=\"https:\/\/thehacc.org\/es\/foia\/\">Continuado<\/a><\/p>","protected":false},"author":3,"featured_media":0,"parent":0,"menu_order":0,"comment_status":"closed","ping_status":"closed","template":"views\/template-legal.blade.php","meta":{"om_disable_all_campaigns":false,"_monsterinsights_skip_tracking":false,"_monsterinsights_sitenote_active":false,"_monsterinsights_sitenote_note":"","_monsterinsights_sitenote_category":0,"_uf_show_specific_survey":0,"_uf_disable_surveys":false,"footnotes":""},"class_list":["post-56294","page","type-page","status-publish","hentry"],"_links":{"self":[{"href":"https:\/\/thehacc.org\/es\/wp-json\/wp\/v2\/pages\/56294","targetHints":{"allow":["GET"]}}],"collection":[{"href":"https:\/\/thehacc.org\/es\/wp-json\/wp\/v2\/pages"}],"about":[{"href":"https:\/\/thehacc.org\/es\/wp-json\/wp\/v2\/types\/page"}],"author":[{"embeddable":true,"href":"https:\/\/thehacc.org\/es\/wp-json\/wp\/v2\/users\/3"}],"replies":[{"embeddable":true,"href":"https:\/\/thehacc.org\/es\/wp-json\/wp\/v2\/comments?post=56294"}],"version-history":[{"count":0,"href":"https:\/\/thehacc.org\/es\/wp-json\/wp\/v2\/pages\/56294\/revisions"}],"wp:attachment":[{"href":"https:\/\/thehacc.org\/es\/wp-json\/wp\/v2\/media?parent=56294"}],"curies":[{"name":"palabra clave","href":"https:\/\/api.w.org\/{rel}","templated":true}]}}