{"id":3,"date":"2024-02-13T12:08:25","date_gmt":"2024-02-13T18:08:25","guid":{"rendered":"http:\/\/hacc.test\/?page_id=3"},"modified":"2024-02-13T12:09:03","modified_gmt":"2024-02-13T18:09:03","slug":"privacy-policy","status":"publish","type":"page","link":"https:\/\/thehacc.org\/es\/privacy-policy\/","title":{"rendered":"pol\u00edtica de privacidad"},"content":{"rendered":"<p><em>\u00daltima actualizaci\u00f3n: 17 de junio de 2021<\/em><\/p>\n<p>Esta Pol\u00edtica de privacidad describe Nuestras pol\u00edticas y procedimientos sobre la recopilaci\u00f3n, el uso y la divulgaci\u00f3n de Su informaci\u00f3n cuando utiliza el Servicio y le informa sobre Sus derechos de privacidad y c\u00f3mo la ley lo protege.<\/p>\n<p>Usamos sus datos personales para proporcionar y mejorar el Servicio. Al usar el Servicio, acepta la recopilaci\u00f3n y el uso de informaci\u00f3n de acuerdo con esta Pol\u00edtica de privacidad.<\/p>\n<h1>Interpretaci\u00f3n y Definiciones<\/h1>\n<h2>Interpretaci\u00f3n<\/h2>\n<p>Las palabras cuya letra inicial est\u00e1 en may\u00fascula tienen significados definidos bajo las siguientes condiciones. Las siguientes definiciones tendr\u00e1n el mismo significado independientemente de que aparezcan en singular o en plural.<\/p>\n<h2>Definiciones<\/h2>\n<p>A los efectos de esta Pol\u00edtica de Privacidad:<\/p>\n<ul>\n<li><strong>Cuenta<\/strong> significa una cuenta \u00fanica creada para que Usted acceda a nuestro Servicio o partes de nuestro Servicio.<\/li>\n<li><strong>Compa\u00f1\u00eda<\/strong> (referido como &quot;la Compa\u00f1\u00eda&quot;, &quot;Nosotros&quot;, &quot;Nos&quot; o &quot;Nuestro&quot; en este Acuerdo) se refiere a la Autoridad de Vivienda del Condado de Cook, 175 Jackson Blvd # 350, Chicago, IL 60604.<\/li>\n<li><strong>Galletas<\/strong> son peque\u00f1os archivos que un sitio web coloca en su computadora, dispositivo m\u00f3vil o cualquier otro dispositivo, y que contienen los detalles de su historial de navegaci\u00f3n en ese sitio web entre sus muchos usos.<\/li>\n<li><strong>Pa\u00eds<\/strong> se refiere a: Illinois, Estados Unidos<\/li>\n<li><strong>Dispositivo<\/strong> significa cualquier dispositivo que pueda acceder al Servicio, como una computadora, un tel\u00e9fono celular o una tableta digital.<\/li>\n<li><strong>Informaci\u00f3n personal<\/strong> es cualquier informaci\u00f3n que se relaciona con un individuo identificado o identificable.<\/li>\n<li><strong>Servicio<\/strong> hace referencia al Sitio Web.<\/li>\n<li><strong>Proveedor de servicio<\/strong> significa cualquier persona f\u00edsica o jur\u00eddica que procesa los datos en nombre de la Compa\u00f1\u00eda. Se refiere a empresas de terceros o personas empleadas por la Empresa para facilitar el Servicio, proporcionar el Servicio en nombre de la Empresa, realizar servicios relacionados con el Servicio o ayudar a la Empresa a analizar c\u00f3mo se utiliza el Servicio.<\/li>\n<li><strong>Datos de uso<\/strong> se refiere a los datos recopilados autom\u00e1ticamente, ya sea generados por el uso del Servicio o de la propia infraestructura del Servicio (por ejemplo, la duraci\u00f3n de una visita a la p\u00e1gina).<\/li>\n<li><strong>Sitio web<\/strong> se refiere a la Autoridad de Vivienda del Condado de Cook, accesible desde <a href=\"https:\/\/thehacc.org\/es\/\" target=\"_blank\" rel=\"external nofollow noopener\">https:\/\/thehacc.org\/<\/a><\/li>\n<li><strong>T\u00fa<\/strong> significa la persona que accede o utiliza el Servicio, o la empresa u otra entidad legal en nombre de la cual dicha persona accede o utiliza el Servicio, seg\u00fan corresponda.<\/li>\n<\/ul>\n<h1>Recopilaci\u00f3n y uso de sus datos personales<\/h1>\n<h2>Tipos de datos recopilados<\/h2>\n<h3>Informaci\u00f3n personal<\/h3>\n<p>Mientras usa Nuestro Servicio, podemos pedirle que nos proporcione cierta informaci\u00f3n de identificaci\u00f3n personal que se puede usar para contactarlo o identificarlo. La informaci\u00f3n de identificaci\u00f3n personal puede incluir, entre otros:<\/p>\n<ul>\n<li>Direcci\u00f3n de correo electr\u00f3nico<\/li>\n<li>Nombre y apellido<\/li>\n<li>Datos de uso<\/li>\n<\/ul>\n<h3>Datos de uso<\/h3>\n<p>Los Datos de uso se recopilan autom\u00e1ticamente cuando se utiliza el Servicio.<\/p>\n<p>Los datos de uso pueden incluir informaci\u00f3n como la direcci\u00f3n del protocolo de Internet de su dispositivo (por ejemplo, la direcci\u00f3n IP), el tipo de navegador, la versi\u00f3n del navegador, las p\u00e1ginas de nuestro Servicio que visita, la hora y la fecha de su visita, el tiempo dedicado a esas p\u00e1ginas, dispositivo \u00fanico identificadores y otros datos de diagn\u00f3stico.<\/p>\n<p>Cuando accede al Servicio a trav\u00e9s de un dispositivo m\u00f3vil, podemos recopilar cierta informaci\u00f3n autom\u00e1ticamente, que incluye, entre otros, el tipo de dispositivo m\u00f3vil que utiliza, la identificaci\u00f3n \u00fanica de su dispositivo m\u00f3vil, la direcci\u00f3n IP de su dispositivo m\u00f3vil, su sistema operativo, el tipo de navegador de Internet m\u00f3vil que utiliza, identificadores \u00fanicos de dispositivos y otros datos de diagn\u00f3stico.<\/p>\n<p>Tambi\u00e9n podemos recopilar informaci\u00f3n que su navegador env\u00eda cada vez que visita nuestro Servicio o cuando accede al Servicio a trav\u00e9s de un dispositivo m\u00f3vil.<\/p>\n<h3>Tecnolog\u00edas de seguimiento y cookies<\/h3>\n<p>Usamos Cookies y tecnolog\u00edas de seguimiento similares para rastrear la actividad en Nuestro Servicio y almacenar cierta informaci\u00f3n. Las tecnolog\u00edas de seguimiento utilizadas son balizas, etiquetas y scripts para recopilar y rastrear informaci\u00f3n y para mejorar y analizar Nuestro Servicio. Las tecnolog\u00edas que utilizamos pueden incluir:<\/p>\n<ul>\n<li><strong>Cookies o Cookies del Navegador.<\/strong> Una cookie es un peque\u00f1o archivo que se coloca en su dispositivo. Puede indicar a su navegador que rechace todas las cookies o que indique cu\u00e1ndo se env\u00eda una cookie. Sin embargo, si no acepta las Cookies, es posible que no pueda utilizar algunas partes de nuestro Servicio. A menos que haya ajustado la configuraci\u00f3n de su navegador para que rechace las Cookies, nuestro Servicio puede usar Cookies.<\/li>\n<li><strong>Cookies Flash.<\/strong> Ciertas caracter\u00edsticas de nuestro Servicio pueden usar objetos almacenados localmente (o Flash Cookies) para recopilar y almacenar informaci\u00f3n sobre Sus preferencias o Su actividad en nuestro Servicio. Las cookies de Flash no se gestionan con la misma configuraci\u00f3n del navegador que las utilizadas para las cookies del navegador. Para obtener m\u00e1s informaci\u00f3n sobre c\u00f3mo puede eliminar las cookies de Flash, lea &quot;\u00bfD\u00f3nde puedo cambiar la configuraci\u00f3n para deshabilitar o eliminar objetos compartidos locales?&quot; disponible en <a href=\"https:\/\/helpx.adobe.com\/flash-player\/kb\/disable-local-shared-objects-flash.html#main_Where_can_I_change_the_settings_for_disabling__or_deleting_local_shared_objects_\" target=\"_blank\" rel=\"external nofollow noopener\">https:\/\/helpx.adobe.com\/flash-player\/kb\/disable-local-shared-objects-flash.html#main_Where_can_I_change_the_settings_for_disabling__or_deleting_local_shared_objects_<\/a><\/li>\n<li><strong>Balizas web.<\/strong> Ciertas secciones de nuestro Servicio y nuestros correos electr\u00f3nicos pueden contener peque\u00f1os archivos electr\u00f3nicos conocidos como balizas web (tambi\u00e9n denominados gifs transparentes, etiquetas de p\u00edxeles y gifs de un solo p\u00edxel) que permiten a la Compa\u00f1\u00eda, por ejemplo, contar los usuarios que han visitado esas p\u00e1ginas. o abri\u00f3 un correo electr\u00f3nico y para otras estad\u00edsticas relacionadas con el sitio web (por ejemplo, registrar la popularidad de una determinada secci\u00f3n y verificar la integridad del sistema y del servidor).<\/li>\n<\/ul>\n<p>Las cookies pueden ser cookies &quot;persistentes&quot; o de &quot;sesi\u00f3n&quot;. Las cookies persistentes permanecen en su computadora personal o dispositivo m\u00f3vil cuando se desconecta, mientras que las cookies de sesi\u00f3n se eliminan tan pronto como cierra su navegador web. Obtenga m\u00e1s informaci\u00f3n sobre las cookies: <a href=\"https:\/\/www.freeprivacypolicy.com\/blog\/cookies\/\" target=\"_blank\" rel=\"noopener\">Cookies: \u00bfQu\u00e9 hacen?<\/a>.<\/p>\n<p>Utilizamos cookies de sesi\u00f3n y persistentes para los fines establecidos a continuaci\u00f3n:<\/p>\n<ul>\n<li><strong>Cookies necesarias\/esenciales<\/strong>Tipo: Cookies de sesi\u00f3nAdministrado por: Nosotros\n<p>Prop\u00f3sito: estas cookies son esenciales para brindarle los servicios disponibles a trav\u00e9s del sitio web y permitirle usar algunas de sus funciones. Ayudan a autenticar a los usuarios y previenen el uso fraudulento de cuentas de usuario. Sin estas Cookies, no se pueden proporcionar los servicios que ha solicitado, y solo utilizamos estas Cookies para proporcionarle esos servicios.<\/li>\n<li><strong>Pol\u00edtica de Cookies \/ Aviso de Aceptaci\u00f3n de Cookies<\/strong>Tipo: Cookies persistentesAdministrado por: Nosotros\n<p>Finalidad: Estas Cookies identifican si los usuarios han aceptado el uso de cookies en el Sitio Web.<\/li>\n<li><strong>Cookies de funcionalidad<\/strong>Tipo: Cookies persistentesAdministrado por: Nosotros\n<p>Prop\u00f3sito: estas cookies nos permiten recordar las elecciones que hace cuando usa el sitio web, como recordar sus datos de inicio de sesi\u00f3n o su preferencia de idioma. El prop\u00f3sito de estas Cookies es brindarle una experiencia m\u00e1s personal y evitar que tenga que volver a ingresar sus preferencias cada vez que use el sitio web.<\/li>\n<\/ul>\n<p>Para obtener m\u00e1s informaci\u00f3n sobre las cookies que utilizamos y sus opciones con respecto a las cookies, visite nuestra Pol\u00edtica de cookies o la secci\u00f3n Cookies de nuestra Pol\u00edtica de privacidad.<\/p>\n<h2>Uso de sus datos personales<\/h2>\n<p>La Compa\u00f1\u00eda puede utilizar los Datos Personales para los siguientes prop\u00f3sitos:<\/p>\n<ul>\n<li><strong>Para proporcionar y mantener nuestro Servicio<\/strong>, incluso para monitorear el uso de nuestro Servicio.<\/li>\n<li><strong>Para administrar su cuenta:<\/strong> para gestionar Su registro como usuario del Servicio. Los Datos Personales que proporcione pueden darle acceso a diferentes funcionalidades del Servicio que est\u00e1n disponibles para Usted como usuario registrado.<\/li>\n<li><strong>Para la ejecuci\u00f3n de un contrato:<\/strong> el desarrollo, cumplimiento y realizaci\u00f3n del contrato de compra de los productos, art\u00edculos o servicios que haya adquirido o de cualquier otro contrato con Nosotros a trav\u00e9s del Servicio.<\/li>\n<li><strong>Para contactarte:<\/strong> Para contactarlo por correo electr\u00f3nico, llamadas telef\u00f3nicas, SMS u otras formas equivalentes de comunicaci\u00f3n electr\u00f3nica, como notificaciones autom\u00e1ticas de una aplicaci\u00f3n m\u00f3vil sobre actualizaciones o comunicaciones informativas relacionadas con las funcionalidades, productos o servicios contratados, incluidas las actualizaciones de seguridad, cuando sea necesario o razonable para su implementaci\u00f3n.<\/li>\n<li><strong>Para proporcionarle<\/strong> con noticias, ofertas especiales e informaci\u00f3n general sobre otros bienes, servicios y eventos que ofrecemos que son similares a los que ya compr\u00f3 o pregunt\u00f3, a menos que haya optado por no recibir dicha informaci\u00f3n.<\/li>\n<li><strong>Para gestionar sus solicitudes:<\/strong> Para atender y gestionar Sus solicitudes hacia Nosotros.<\/li>\n<li><strong>Para transmisiones de empresas:<\/strong> Podemos usar Su informaci\u00f3n para evaluar o realizar una fusi\u00f3n, desinversi\u00f3n, reestructuraci\u00f3n, reorganizaci\u00f3n, disoluci\u00f3n u otra venta o transferencia de algunos o todos Nuestros activos, ya sea como una empresa en marcha o como parte de una quiebra, liquidaci\u00f3n o procedimiento similar. en el que los Datos personales que tenemos sobre los usuarios de nuestro Servicio se encuentran entre los activos transferidos.<\/li>\n<li><strong>Para otros fines<\/strong>: Podemos utilizar su informaci\u00f3n para otros fines, como el an\u00e1lisis de datos, la identificaci\u00f3n de tendencias de uso, la determinaci\u00f3n de la eficacia de nuestras campa\u00f1as promocionales y para evaluar y mejorar nuestro Servicio, productos, servicios, marketing y su experiencia.<\/li>\n<\/ul>\n<p>Podemos compartir su informaci\u00f3n personal en las siguientes situaciones:<\/p>\n<ul>\n<li><strong>Con proveedores de servicios:<\/strong> Podemos compartir Su informaci\u00f3n personal con Proveedores de Servicios para monitorear y analizar el uso de nuestro Servicio, para contactarlo.<\/li>\n<li><strong>Para transmisiones de empresas:<\/strong> Podemos compartir o transferir Su informaci\u00f3n personal en relaci\u00f3n con, o durante las negociaciones de, cualquier fusi\u00f3n, venta de activos de la Compa\u00f1\u00eda, financiamiento o adquisici\u00f3n de todo o una parte de Nuestro negocio a otra compa\u00f1\u00eda.<\/li>\n<li><strong>Con Afiliados:<\/strong> Podemos compartir Su informaci\u00f3n con Nuestros afiliados, en cuyo caso les exigiremos que respeten esta Pol\u00edtica de Privacidad. Los afiliados incluyen nuestra empresa matriz y cualquier otra subsidiaria, socios de empresas conjuntas u otras empresas que controlamos o que est\u00e1n bajo control com\u00fan con nosotros.<\/li>\n<li><strong>Con socios comerciales:<\/strong> Podemos compartir Su informaci\u00f3n con Nuestros socios comerciales para ofrecerle ciertos productos, servicios o promociones.<\/li>\n<li><strong>Con otros usuarios:<\/strong> cuando comparte informaci\u00f3n personal o interact\u00faa de otra manera en las \u00e1reas p\u00fablicas con otros usuarios, dicha informaci\u00f3n puede ser vista por todos los usuarios y puede distribuirse p\u00fablicamente al exterior.<\/li>\n<li><strong>con su consentimiento<\/strong>: Podemos divulgar su informaci\u00f3n personal para cualquier otro prop\u00f3sito con su consentimiento.<\/li>\n<\/ul>\n<h2>Retenci\u00f3n de sus datos personales<\/h2>\n<p>La Compa\u00f1\u00eda conservar\u00e1 sus Datos personales solo durante el tiempo que sea necesario para los fines establecidos en esta Pol\u00edtica de privacidad. Conservaremos y utilizaremos sus datos personales en la medida necesaria para cumplir con nuestras obligaciones legales (por ejemplo, si estamos obligados a conservar sus datos para cumplir con las leyes aplicables), resolver disputas y hacer cumplir nuestros acuerdos y pol\u00edticas legales.<\/p>\n<p>La Compa\u00f1\u00eda tambi\u00e9n conservar\u00e1 los Datos de uso para fines de an\u00e1lisis interno. Los Datos de uso generalmente se retienen por un per\u00edodo de tiempo m\u00e1s corto, excepto cuando estos datos se utilizan para fortalecer la seguridad o mejorar la funcionalidad de Nuestro Servicio, o cuando estamos legalmente obligados a retener estos datos por per\u00edodos de tiempo m\u00e1s largos.<\/p>\n<h2>Transferencia de sus datos personales<\/h2>\n<p>Su informaci\u00f3n, incluidos los Datos personales, se procesa en las oficinas operativas de la Compa\u00f1\u00eda y en cualquier otro lugar donde se encuentren las partes involucradas en el procesamiento. Significa que esta informaci\u00f3n puede transferirse y mantenerse en computadoras ubicadas fuera de Su estado, provincia, pa\u00eds u otra jurisdicci\u00f3n gubernamental donde las leyes de protecci\u00f3n de datos pueden diferir de las de Su jurisdicci\u00f3n.<\/p>\n<p>Su consentimiento a esta Pol\u00edtica de privacidad seguido de Su env\u00edo de dicha informaci\u00f3n representa Su acuerdo con esa transferencia.<\/p>\n<p>La Compa\u00f1\u00eda tomar\u00e1 todas las medidas razonablemente necesarias para garantizar que sus datos se traten de forma segura y de acuerdo con esta Pol\u00edtica de privacidad y no se realizar\u00e1 ninguna transferencia de sus datos personales a una organizaci\u00f3n o pa\u00eds, a menos que existan controles adecuados establecidos, incluida la seguridad de Sus datos y otra informaci\u00f3n personal.<\/p>\n<h2>Divulgaci\u00f3n de sus datos personales<\/h2>\n<h3>Transacciones de negocios<\/h3>\n<p>Si la Compa\u00f1\u00eda est\u00e1 involucrada en una fusi\u00f3n, adquisici\u00f3n o venta de activos, Sus Datos personales pueden transferirse. Le enviaremos un aviso antes de que sus Datos personales se transfieran y queden sujetos a una Pol\u00edtica de privacidad diferente.<\/p>\n<h3>Cumplimiento de la ley<\/h3>\n<p>En determinadas circunstancias, es posible que se le solicite a la Compa\u00f1\u00eda que divulgue sus Datos personales si as\u00ed lo exige la ley o en respuesta a solicitudes v\u00e1lidas de las autoridades p\u00fablicas (por ejemplo, un tribunal o una agencia gubernamental).<\/p>\n<h3>Otros requisitos legales<\/h3>\n<p>La Compa\u00f1\u00eda puede divulgar sus datos personales de buena fe cuando considere que esta acci\u00f3n es necesaria para lo siguiente:<\/p>\n<ul>\n<li>Cumplir con una obligaci\u00f3n legal<\/li>\n<li>Proteger y defender los derechos o propiedad de la Compa\u00f1\u00eda<\/li>\n<li>Prevenir o investigar posibles irregularidades en relaci\u00f3n con el Servicio<\/li>\n<li>Proteger la seguridad personal de los Usuarios del Servicio o del p\u00fablico<\/li>\n<li>Prot\u00e9jase contra la responsabilidad legal<\/li>\n<\/ul>\n<h2>Seguridad de sus datos personales<\/h2>\n<p>La seguridad de sus datos personales es importante para nosotros, pero recuerde que ning\u00fan m\u00e9todo de transmisi\u00f3n por Internet o m\u00e9todo de almacenamiento electr\u00f3nico es 100% seguro. Si bien nos esforzamos por utilizar medios comercialmente aceptables para proteger sus datos personales, no podemos garantizar su seguridad absoluta.<\/p>\n<h1>Privacidad de los ni\u00f1os<\/h1>\n<p>Nuestro Servicio no se dirige a ninguna persona menor de 13 a\u00f1os. No recopilamos a sabiendas informaci\u00f3n de identificaci\u00f3n personal de ninguna persona menor de 13 a\u00f1os. Si usted es un padre o tutor y sabe que su hijo nos ha proporcionado Datos personales, por favor Cont\u00e1ctenos. Si nos damos cuenta de que hemos recopilado Datos personales de cualquier persona menor de 13 a\u00f1os sin verificaci\u00f3n del consentimiento de los padres, tomamos medidas para eliminar esa informaci\u00f3n de Nuestros servidores.<\/p>\n<p>Si necesitamos basarnos en el consentimiento como base legal para procesar su informaci\u00f3n y su pa\u00eds requiere el consentimiento de uno de sus padres, podemos solicitar el consentimiento de su padre antes de recopilar y usar esa informaci\u00f3n.<\/p>\n<h1>Enlaces a otros sitios web<\/h1>\n<p>Nuestro Servicio puede contener enlaces a otros sitios web que no son operados por Nosotros. Si hace clic en el enlace de un tercero, ser\u00e1 dirigido al sitio de ese tercero. Le recomendamos encarecidamente que revise la Pol\u00edtica de privacidad de cada sitio que visite.<\/p>\n<p>No tenemos control ni asumimos ninguna responsabilidad por el contenido, las pol\u00edticas de privacidad o las pr\u00e1cticas de los sitios o servicios de terceros.<\/p>\n<h1>Cambios a esta Pol\u00edtica de Privacidad<\/h1>\n<p>Es posible que actualicemos nuestra Pol\u00edtica de privacidad de vez en cuando. Le notificaremos cualquier cambio publicando la nueva Pol\u00edtica de privacidad en esta p\u00e1gina.<\/p>\n<p>Le informaremos por correo electr\u00f3nico y\/o un aviso destacado en Nuestro Servicio, antes de que el cambio entre en vigencia y actualizaremos la fecha de &quot;\u00daltima actualizaci\u00f3n&quot; en la parte superior de esta Pol\u00edtica de privacidad.<\/p>\n<p>Se le recomienda revisar esta Pol\u00edtica de Privacidad peri\u00f3dicamente para cualquier cambio. Los cambios a esta Pol\u00edtica de privacidad son efectivos cuando se publican en esta p\u00e1gina.<\/p>\n<h1>Cont\u00e1ctenos<\/h1>\n<p>Si tiene alguna pregunta sobre esta Pol\u00edtica de privacidad, puede contactarnos:<\/p>\n<ul>\n<li>Por correo electr\u00f3nico: helpdesk@thehacc.org<\/li>\n<li>Al visitar esta p\u00e1gina en nuestro sitio web: <a href=\"https:\/\/thehacc.org\/es\/contact\/\" target=\"_blank\" rel=\"external nofollow noopener\">https:\/\/thehacc.org\/contact\/<\/a><\/li>\n<li>Por n\u00famero de tel\u00e9fono: 312.663.5447<\/li>\n<li>Por correo: 10 South La Salle Street Suite 2200 Chicago, IL 60603<\/li>\n<\/ul>","protected":false},"excerpt":{"rendered":"<p>\u00daltima actualizaci\u00f3n: 17 de junio de 2021 Esta Pol\u00edtica de Privacidad describe Nuestras pol\u00edticas y procedimientos sobre la recopilaci\u00f3n, el uso y la divulgaci\u00f3n de Su informaci\u00f3n cuando utiliza el Servicio y le informa sobre Sus derechos de privacidad y c\u00f3mo la ley lo protege. Utilizamos sus datos personales para proporcionar y mejorar el Servicio. Al utilizar el Servicio,\u2026 <a href=\"https:\/\/thehacc.org\/es\/privacy-policy\/\">Continuado<\/a><\/p>","protected":false},"author":1,"featured_media":0,"parent":0,"menu_order":0,"comment_status":"closed","ping_status":"open","template":"views\/template-legal.blade.php","meta":{"om_disable_all_campaigns":false,"_monsterinsights_skip_tracking":false,"_monsterinsights_sitenote_active":false,"_monsterinsights_sitenote_note":"","_monsterinsights_sitenote_category":0,"_uf_show_specific_survey":0,"_uf_disable_surveys":false,"footnotes":""},"class_list":["post-3","page","type-page","status-publish","hentry"],"_links":{"self":[{"href":"https:\/\/thehacc.org\/es\/wp-json\/wp\/v2\/pages\/3","targetHints":{"allow":["GET"]}}],"collection":[{"href":"https:\/\/thehacc.org\/es\/wp-json\/wp\/v2\/pages"}],"about":[{"href":"https:\/\/thehacc.org\/es\/wp-json\/wp\/v2\/types\/page"}],"author":[{"embeddable":true,"href":"https:\/\/thehacc.org\/es\/wp-json\/wp\/v2\/users\/1"}],"replies":[{"embeddable":true,"href":"https:\/\/thehacc.org\/es\/wp-json\/wp\/v2\/comments?post=3"}],"version-history":[{"count":0,"href":"https:\/\/thehacc.org\/es\/wp-json\/wp\/v2\/pages\/3\/revisions"}],"wp:attachment":[{"href":"https:\/\/thehacc.org\/es\/wp-json\/wp\/v2\/media?parent=3"}],"curies":[{"name":"palabra clave","href":"https:\/\/api.w.org\/{rel}","templated":true}]}}